{"id":2192,"date":"2026-01-12T14:38:46","date_gmt":"2026-01-12T13:38:46","guid":{"rendered":"https:\/\/favnew2026.ukoo.hosting\/?page_id=2192"},"modified":"2026-03-24T09:07:47","modified_gmt":"2026-03-24T08:07:47","slug":"la-foire","status":"publish","type":"page","link":"https:\/\/favnew2026.ukoo.hosting\/en\/la-foire\/","title":{"rendered":"La foire"},"content":{"rendered":"","protected":false},"excerpt":{"rendered":"","protected":false},"author":1,"featured_media":0,"parent":0,"menu_order":0,"comment_status":"closed","ping_status":"closed","template":"","meta":{"footnotes":""},"class_list":["post-2192","page","type-page","status-publish","hentry"],"yoast_head":"<!-- This site is optimized with the Yoast SEO plugin v27.3 - https:\/\/yoast.com\/product\/yoast-seo-wordpress\/ -->\n<title>Pr\u00e9sentation de la Foire aux Vins d&#039;Alsace - \u00c9v\u00e9nement, vins et festival \u00e0 Colmar<\/title>\n<meta name=\"description\" content=\"D\u00e9couvrez la Foire aux Vins d\u2019Alsace \u00e0 Colmar : plus de 350 exposants, d\u00e9gustations de vins, produits r\u00e9gionaux et festival musical international depuis 1948.\" \/>\n<meta name=\"robots\" content=\"noindex, follow, max-snippet:-1, max-image-preview:large, max-video-preview:-1\" \/>\n<meta property=\"og:locale\" content=\"en_GB\" \/>\n<meta property=\"og:type\" content=\"article\" \/>\n<meta property=\"og:title\" content=\"Pr\u00e9sentation de la Foire aux Vins d&#039;Alsace - \u00c9v\u00e9nement, vins et festival \u00e0 Colmar\" \/>\n<meta property=\"og:description\" content=\"D\u00e9couvrez la Foire aux Vins d\u2019Alsace \u00e0 Colmar : plus de 350 exposants, d\u00e9gustations de vins, produits r\u00e9gionaux et festival musical international depuis 1948.\" \/>\n<meta property=\"og:url\" content=\"https:\/\/favnew2026.ukoo.hosting\/en\/la-foire\/\" \/>\n<meta property=\"og:site_name\" content=\"Foire au vins\" \/>\n<meta property=\"article:modified_time\" content=\"2026-03-24T08:07:47+00:00\" \/>\n<meta name=\"twitter:card\" content=\"summary_large_image\" \/>\n<meta name=\"twitter:label1\" content=\"Estimated reading time\" \/>\n\t<meta name=\"twitter:data1\" content=\"2 minutes\" \/>\n<script type=\"application\/ld+json\" class=\"yoast-schema-graph\">{\"@context\":\"https:\\\/\\\/schema.org\",\"@graph\":[{\"@type\":\"WebPage\",\"@id\":\"https:\\\/\\\/favnew2026.ukoo.hosting\\\/la-foire\\\/\",\"url\":\"https:\\\/\\\/favnew2026.ukoo.hosting\\\/la-foire\\\/\",\"name\":\"Pr\u00e9sentation de la Foire aux Vins d'Alsace - \u00c9v\u00e9nement, vins et festival \u00e0 Colmar\",\"isPartOf\":{\"@id\":\"https:\\\/\\\/favnew2026.ukoo.hosting\\\/#website\"},\"datePublished\":\"2026-01-12T13:38:46+00:00\",\"dateModified\":\"2026-03-24T08:07:47+00:00\",\"description\":\"D\u00e9couvrez la Foire aux Vins d\u2019Alsace \u00e0 Colmar : plus de 350 exposants, d\u00e9gustations de vins, produits r\u00e9gionaux et festival musical international depuis 1948.\",\"breadcrumb\":{\"@id\":\"https:\\\/\\\/favnew2026.ukoo.hosting\\\/la-foire\\\/#breadcrumb\"},\"inLanguage\":\"en-GB\",\"potentialAction\":[{\"@type\":\"ReadAction\",\"target\":[\"https:\\\/\\\/favnew2026.ukoo.hosting\\\/la-foire\\\/\"]}]},{\"@type\":\"BreadcrumbList\",\"@id\":\"https:\\\/\\\/favnew2026.ukoo.hosting\\\/la-foire\\\/#breadcrumb\",\"itemListElement\":[{\"@type\":\"ListItem\",\"position\":1,\"name\":\"Accueil\",\"item\":\"https:\\\/\\\/favnew2026.ukoo.hosting\\\/\"},{\"@type\":\"ListItem\",\"position\":2,\"name\":\"La foire\"}]},{\"@type\":\"WebSite\",\"@id\":\"https:\\\/\\\/favnew2026.ukoo.hosting\\\/#website\",\"url\":\"https:\\\/\\\/favnew2026.ukoo.hosting\\\/\",\"name\":\"Foire au vins\",\"description\":\"\",\"potentialAction\":[{\"@type\":\"SearchAction\",\"target\":{\"@type\":\"EntryPoint\",\"urlTemplate\":\"https:\\\/\\\/favnew2026.ukoo.hosting\\\/?s={search_term_string}\"},\"query-input\":{\"@type\":\"PropertyValueSpecification\",\"valueRequired\":true,\"valueName\":\"search_term_string\"}}],\"inLanguage\":\"en-GB\"}]}<\/script>\n<!-- \/ Yoast SEO plugin. -->","yoast_head_json":{"title":"Pr\u00e9sentation de la Foire aux Vins d'Alsace - \u00c9v\u00e9nement, vins et festival \u00e0 Colmar","description":"D\u00e9couvrez la Foire aux Vins d\u2019Alsace \u00e0 Colmar : plus de 350 exposants, d\u00e9gustations de vins, produits r\u00e9gionaux et festival musical international depuis 1948.","robots":{"index":"noindex","follow":"follow","max-snippet":"max-snippet:-1","max-image-preview":"max-image-preview:large","max-video-preview":"max-video-preview:-1"},"og_locale":"en_GB","og_type":"article","og_title":"Pr\u00e9sentation de la Foire aux Vins d'Alsace - \u00c9v\u00e9nement, vins et festival \u00e0 Colmar","og_description":"D\u00e9couvrez la Foire aux Vins d\u2019Alsace \u00e0 Colmar : plus de 350 exposants, d\u00e9gustations de vins, produits r\u00e9gionaux et festival musical international depuis 1948.","og_url":"https:\/\/favnew2026.ukoo.hosting\/en\/la-foire\/","og_site_name":"Foire au vins","article_modified_time":"2026-03-24T08:07:47+00:00","twitter_card":"summary_large_image","twitter_misc":{"Estimated reading time":"2 minutes"},"schema":{"@context":"https:\/\/schema.org","@graph":[{"@type":"WebPage","@id":"https:\/\/favnew2026.ukoo.hosting\/la-foire\/","url":"https:\/\/favnew2026.ukoo.hosting\/la-foire\/","name":"Pr\u00e9sentation de la Foire aux Vins d'Alsace - \u00c9v\u00e9nement, vins et festival \u00e0 Colmar","isPartOf":{"@id":"https:\/\/favnew2026.ukoo.hosting\/#website"},"datePublished":"2026-01-12T13:38:46+00:00","dateModified":"2026-03-24T08:07:47+00:00","description":"D\u00e9couvrez la Foire aux Vins d\u2019Alsace \u00e0 Colmar : plus de 350 exposants, d\u00e9gustations de vins, produits r\u00e9gionaux et festival musical international depuis 1948.","breadcrumb":{"@id":"https:\/\/favnew2026.ukoo.hosting\/la-foire\/#breadcrumb"},"inLanguage":"en-GB","potentialAction":[{"@type":"ReadAction","target":["https:\/\/favnew2026.ukoo.hosting\/la-foire\/"]}]},{"@type":"BreadcrumbList","@id":"https:\/\/favnew2026.ukoo.hosting\/la-foire\/#breadcrumb","itemListElement":[{"@type":"ListItem","position":1,"name":"Accueil","item":"https:\/\/favnew2026.ukoo.hosting\/"},{"@type":"ListItem","position":2,"name":"La foire"}]},{"@type":"WebSite","@id":"https:\/\/favnew2026.ukoo.hosting\/#website","url":"https:\/\/favnew2026.ukoo.hosting\/","name":"Foire au vins","description":"","potentialAction":[{"@type":"SearchAction","target":{"@type":"EntryPoint","urlTemplate":"https:\/\/favnew2026.ukoo.hosting\/?s={search_term_string}"},"query-input":{"@type":"PropertyValueSpecification","valueRequired":true,"valueName":"search_term_string"}}],"inLanguage":"en-GB"}]}},"_links":{"self":[{"href":"https:\/\/favnew2026.ukoo.hosting\/en\/wp-json\/wp\/v2\/pages\/2192","targetHints":{"allow":["GET"]}}],"collection":[{"href":"https:\/\/favnew2026.ukoo.hosting\/en\/wp-json\/wp\/v2\/pages"}],"about":[{"href":"https:\/\/favnew2026.ukoo.hosting\/en\/wp-json\/wp\/v2\/types\/page"}],"author":[{"embeddable":true,"href":"https:\/\/favnew2026.ukoo.hosting\/en\/wp-json\/wp\/v2\/users\/1"}],"replies":[{"embeddable":true,"href":"https:\/\/favnew2026.ukoo.hosting\/en\/wp-json\/wp\/v2\/comments?post=2192"}],"version-history":[{"count":14,"href":"https:\/\/favnew2026.ukoo.hosting\/en\/wp-json\/wp\/v2\/pages\/2192\/revisions"}],"predecessor-version":[{"id":10095,"href":"https:\/\/favnew2026.ukoo.hosting\/en\/wp-json\/wp\/v2\/pages\/2192\/revisions\/10095"}],"wp:attachment":[{"href":"https:\/\/favnew2026.ukoo.hosting\/en\/wp-json\/wp\/v2\/media?parent=2192"}],"curies":[{"name":"wp","href":"https:\/\/api.w.org\/{rel}","templated":true}]}}