{"id":2240,"date":"2026-01-12T15:02:18","date_gmt":"2026-01-12T14:02:18","guid":{"rendered":"https:\/\/favnew2026.ukoo.hosting\/?page_id=2240"},"modified":"2026-04-02T16:00:59","modified_gmt":"2026-04-02T14:00:59","slug":"historique","status":"publish","type":"page","link":"https:\/\/favnew2026.ukoo.hosting\/en\/la-foire\/historique\/","title":{"rendered":"Histoire de la foire"},"content":{"rendered":"","protected":false},"excerpt":{"rendered":"","protected":false},"author":1,"featured_media":0,"parent":2192,"menu_order":0,"comment_status":"closed","ping_status":"closed","template":"","meta":{"footnotes":""},"class_list":["post-2240","page","type-page","status-publish","hentry"],"yoast_head":"<!-- This site is optimized with the Yoast SEO plugin v27.3 - https:\/\/yoast.com\/product\/yoast-seo-wordpress\/ -->\n<title>Historique de la Foire aux Vins d&#039;Alsace et ses diff\u00e9rentes \u00e9ditions<\/title>\n<meta name=\"description\" content=\"Retracez l&#039;histoire de la Foire aux Vins de Colmar \u00e0 travers ses \u00e9ditions. De 1948 \u00e0 nos jours, d\u00e9couvrez les affiches et les programmes de chaque \u00e9poque.\" \/>\n<meta name=\"robots\" content=\"noindex, follow, max-snippet:-1, max-image-preview:large, max-video-preview:-1\" \/>\n<meta property=\"og:locale\" content=\"en_GB\" \/>\n<meta property=\"og:type\" content=\"article\" \/>\n<meta property=\"og:title\" content=\"Historique de la Foire aux Vins d&#039;Alsace et ses diff\u00e9rentes \u00e9ditions\" \/>\n<meta property=\"og:description\" content=\"Retracez l&#039;histoire de la Foire aux Vins de Colmar \u00e0 travers ses \u00e9ditions. De 1948 \u00e0 nos jours, d\u00e9couvrez les affiches et les programmes de chaque \u00e9poque.\" \/>\n<meta property=\"og:url\" content=\"https:\/\/favnew2026.ukoo.hosting\/en\/la-foire\/historique\/\" \/>\n<meta property=\"og:site_name\" content=\"Foire au vins\" \/>\n<meta property=\"article:modified_time\" content=\"2026-04-02T14:00:59+00:00\" \/>\n<meta name=\"twitter:card\" content=\"summary_large_image\" \/>\n<meta name=\"twitter:label1\" content=\"Estimated reading time\" \/>\n\t<meta name=\"twitter:data1\" content=\"6 minutes\" \/>\n<script type=\"application\/ld+json\" class=\"yoast-schema-graph\">{\"@context\":\"https:\\\/\\\/schema.org\",\"@graph\":[{\"@type\":\"WebPage\",\"@id\":\"https:\\\/\\\/favnew2026.ukoo.hosting\\\/la-foire\\\/historique\\\/\",\"url\":\"https:\\\/\\\/favnew2026.ukoo.hosting\\\/la-foire\\\/historique\\\/\",\"name\":\"Historique de la Foire aux Vins d'Alsace et ses diff\u00e9rentes \u00e9ditions\",\"isPartOf\":{\"@id\":\"https:\\\/\\\/favnew2026.ukoo.hosting\\\/#website\"},\"datePublished\":\"2026-01-12T14:02:18+00:00\",\"dateModified\":\"2026-04-02T14:00:59+00:00\",\"description\":\"Retracez l'histoire de la Foire aux Vins de Colmar \u00e0 travers ses \u00e9ditions. De 1948 \u00e0 nos jours, d\u00e9couvrez les affiches et les programmes de chaque \u00e9poque.\",\"breadcrumb\":{\"@id\":\"https:\\\/\\\/favnew2026.ukoo.hosting\\\/la-foire\\\/historique\\\/#breadcrumb\"},\"inLanguage\":\"en-GB\",\"potentialAction\":[{\"@type\":\"ReadAction\",\"target\":[\"https:\\\/\\\/favnew2026.ukoo.hosting\\\/la-foire\\\/historique\\\/\"]}]},{\"@type\":\"BreadcrumbList\",\"@id\":\"https:\\\/\\\/favnew2026.ukoo.hosting\\\/la-foire\\\/historique\\\/#breadcrumb\",\"itemListElement\":[{\"@type\":\"ListItem\",\"position\":1,\"name\":\"Accueil\",\"item\":\"https:\\\/\\\/favnew2026.ukoo.hosting\\\/\"},{\"@type\":\"ListItem\",\"position\":2,\"name\":\"La foire\",\"item\":\"https:\\\/\\\/favnew2026.ukoo.hosting\\\/la-foire\\\/\"},{\"@type\":\"ListItem\",\"position\":3,\"name\":\"Histoire de la foire\"}]},{\"@type\":\"WebSite\",\"@id\":\"https:\\\/\\\/favnew2026.ukoo.hosting\\\/#website\",\"url\":\"https:\\\/\\\/favnew2026.ukoo.hosting\\\/\",\"name\":\"Foire au vins\",\"description\":\"\",\"potentialAction\":[{\"@type\":\"SearchAction\",\"target\":{\"@type\":\"EntryPoint\",\"urlTemplate\":\"https:\\\/\\\/favnew2026.ukoo.hosting\\\/?s={search_term_string}\"},\"query-input\":{\"@type\":\"PropertyValueSpecification\",\"valueRequired\":true,\"valueName\":\"search_term_string\"}}],\"inLanguage\":\"en-GB\"}]}<\/script>\n<!-- \/ Yoast SEO plugin. -->","yoast_head_json":{"title":"Historique de la Foire aux Vins d'Alsace et ses diff\u00e9rentes \u00e9ditions","description":"Retracez l'histoire de la Foire aux Vins de Colmar \u00e0 travers ses \u00e9ditions. De 1948 \u00e0 nos jours, d\u00e9couvrez les affiches et les programmes de chaque \u00e9poque.","robots":{"index":"noindex","follow":"follow","max-snippet":"max-snippet:-1","max-image-preview":"max-image-preview:large","max-video-preview":"max-video-preview:-1"},"og_locale":"en_GB","og_type":"article","og_title":"Historique de la Foire aux Vins d'Alsace et ses diff\u00e9rentes \u00e9ditions","og_description":"Retracez l'histoire de la Foire aux Vins de Colmar \u00e0 travers ses \u00e9ditions. De 1948 \u00e0 nos jours, d\u00e9couvrez les affiches et les programmes de chaque \u00e9poque.","og_url":"https:\/\/favnew2026.ukoo.hosting\/en\/la-foire\/historique\/","og_site_name":"Foire au vins","article_modified_time":"2026-04-02T14:00:59+00:00","twitter_card":"summary_large_image","twitter_misc":{"Estimated reading time":"6 minutes"},"schema":{"@context":"https:\/\/schema.org","@graph":[{"@type":"WebPage","@id":"https:\/\/favnew2026.ukoo.hosting\/la-foire\/historique\/","url":"https:\/\/favnew2026.ukoo.hosting\/la-foire\/historique\/","name":"Historique de la Foire aux Vins d'Alsace et ses diff\u00e9rentes \u00e9ditions","isPartOf":{"@id":"https:\/\/favnew2026.ukoo.hosting\/#website"},"datePublished":"2026-01-12T14:02:18+00:00","dateModified":"2026-04-02T14:00:59+00:00","description":"Retracez l'histoire de la Foire aux Vins de Colmar \u00e0 travers ses \u00e9ditions. De 1948 \u00e0 nos jours, d\u00e9couvrez les affiches et les programmes de chaque \u00e9poque.","breadcrumb":{"@id":"https:\/\/favnew2026.ukoo.hosting\/la-foire\/historique\/#breadcrumb"},"inLanguage":"en-GB","potentialAction":[{"@type":"ReadAction","target":["https:\/\/favnew2026.ukoo.hosting\/la-foire\/historique\/"]}]},{"@type":"BreadcrumbList","@id":"https:\/\/favnew2026.ukoo.hosting\/la-foire\/historique\/#breadcrumb","itemListElement":[{"@type":"ListItem","position":1,"name":"Accueil","item":"https:\/\/favnew2026.ukoo.hosting\/"},{"@type":"ListItem","position":2,"name":"La foire","item":"https:\/\/favnew2026.ukoo.hosting\/la-foire\/"},{"@type":"ListItem","position":3,"name":"Histoire de la foire"}]},{"@type":"WebSite","@id":"https:\/\/favnew2026.ukoo.hosting\/#website","url":"https:\/\/favnew2026.ukoo.hosting\/","name":"Foire au vins","description":"","potentialAction":[{"@type":"SearchAction","target":{"@type":"EntryPoint","urlTemplate":"https:\/\/favnew2026.ukoo.hosting\/?s={search_term_string}"},"query-input":{"@type":"PropertyValueSpecification","valueRequired":true,"valueName":"search_term_string"}}],"inLanguage":"en-GB"}]}},"_links":{"self":[{"href":"https:\/\/favnew2026.ukoo.hosting\/en\/wp-json\/wp\/v2\/pages\/2240","targetHints":{"allow":["GET"]}}],"collection":[{"href":"https:\/\/favnew2026.ukoo.hosting\/en\/wp-json\/wp\/v2\/pages"}],"about":[{"href":"https:\/\/favnew2026.ukoo.hosting\/en\/wp-json\/wp\/v2\/types\/page"}],"author":[{"embeddable":true,"href":"https:\/\/favnew2026.ukoo.hosting\/en\/wp-json\/wp\/v2\/users\/1"}],"replies":[{"embeddable":true,"href":"https:\/\/favnew2026.ukoo.hosting\/en\/wp-json\/wp\/v2\/comments?post=2240"}],"version-history":[{"count":100,"href":"https:\/\/favnew2026.ukoo.hosting\/en\/wp-json\/wp\/v2\/pages\/2240\/revisions"}],"predecessor-version":[{"id":9306,"href":"https:\/\/favnew2026.ukoo.hosting\/en\/wp-json\/wp\/v2\/pages\/2240\/revisions\/9306"}],"up":[{"embeddable":true,"href":"https:\/\/favnew2026.ukoo.hosting\/en\/wp-json\/wp\/v2\/pages\/2192"}],"wp:attachment":[{"href":"https:\/\/favnew2026.ukoo.hosting\/en\/wp-json\/wp\/v2\/media?parent=2240"}],"curies":[{"name":"wp","href":"https:\/\/api.w.org\/{rel}","templated":true}]}}