{"id":2945,"date":"2026-01-23T12:25:54","date_gmt":"2026-01-23T11:25:54","guid":{"rendered":"https:\/\/favnew2026.ukoo.hosting\/?page_id=2945"},"modified":"2026-04-07T11:08:36","modified_gmt":"2026-04-07T09:08:36","slug":"le-festival-en-images","status":"publish","type":"page","link":"https:\/\/favnew2026.ukoo.hosting\/en\/le-festival\/le-festival-en-images\/","title":{"rendered":"Le festival en images"},"content":{"rendered":"","protected":false},"excerpt":{"rendered":"","protected":false},"author":1,"featured_media":0,"parent":2913,"menu_order":0,"comment_status":"closed","ping_status":"closed","template":"","meta":{"footnotes":""},"class_list":["post-2945","page","type-page","status-publish","hentry"],"yoast_head":"<!-- This site is optimized with the Yoast SEO plugin v27.3 - https:\/\/yoast.com\/product\/yoast-seo-wordpress\/ -->\n<title>Galerie de photos du Festival de la Foire aux Vins d&#039;Alsace<\/title>\n<meta name=\"description\" content=\"Retrouvez l&#039;ambiance du Festival de la Foire aux Vins gr\u00e2ce \u00e0 nos galeries photos. Tous les concerts du Festival immortalis\u00e9s par des photos de qualit\u00e9.\" \/>\n<meta name=\"robots\" content=\"noindex, follow, max-snippet:-1, max-image-preview:large, max-video-preview:-1\" \/>\n<meta property=\"og:locale\" content=\"en_GB\" \/>\n<meta property=\"og:type\" content=\"article\" \/>\n<meta property=\"og:title\" content=\"Galerie de photos du Festival de la Foire aux Vins d&#039;Alsace\" \/>\n<meta property=\"og:description\" content=\"Retrouvez l&#039;ambiance du Festival de la Foire aux Vins gr\u00e2ce \u00e0 nos galeries photos. Tous les concerts du Festival immortalis\u00e9s par des photos de qualit\u00e9.\" \/>\n<meta property=\"og:url\" content=\"https:\/\/favnew2026.ukoo.hosting\/en\/le-festival\/le-festival-en-images\/\" \/>\n<meta property=\"og:site_name\" content=\"Foire au vins\" \/>\n<meta property=\"article:modified_time\" content=\"2026-04-07T09:08:36+00:00\" \/>\n<meta name=\"twitter:card\" content=\"summary_large_image\" \/>\n<meta name=\"twitter:label1\" content=\"Estimated reading time\" \/>\n\t<meta name=\"twitter:data1\" content=\"4 minutes\" \/>\n<script type=\"application\/ld+json\" class=\"yoast-schema-graph\">{\"@context\":\"https:\\\/\\\/schema.org\",\"@graph\":[{\"@type\":\"WebPage\",\"@id\":\"https:\\\/\\\/favnew2026.ukoo.hosting\\\/le-festival\\\/le-festival-en-images\\\/\",\"url\":\"https:\\\/\\\/favnew2026.ukoo.hosting\\\/le-festival\\\/le-festival-en-images\\\/\",\"name\":\"Galerie de photos du Festival de la Foire aux Vins d'Alsace\",\"isPartOf\":{\"@id\":\"https:\\\/\\\/favnew2026.ukoo.hosting\\\/#website\"},\"datePublished\":\"2026-01-23T11:25:54+00:00\",\"dateModified\":\"2026-04-07T09:08:36+00:00\",\"description\":\"Retrouvez l'ambiance du Festival de la Foire aux Vins gr\u00e2ce \u00e0 nos galeries photos. Tous les concerts du Festival immortalis\u00e9s par des photos de qualit\u00e9.\",\"breadcrumb\":{\"@id\":\"https:\\\/\\\/favnew2026.ukoo.hosting\\\/le-festival\\\/le-festival-en-images\\\/#breadcrumb\"},\"inLanguage\":\"en-GB\",\"potentialAction\":[{\"@type\":\"ReadAction\",\"target\":[\"https:\\\/\\\/favnew2026.ukoo.hosting\\\/le-festival\\\/le-festival-en-images\\\/\"]}]},{\"@type\":\"BreadcrumbList\",\"@id\":\"https:\\\/\\\/favnew2026.ukoo.hosting\\\/le-festival\\\/le-festival-en-images\\\/#breadcrumb\",\"itemListElement\":[{\"@type\":\"ListItem\",\"position\":1,\"name\":\"Accueil\",\"item\":\"https:\\\/\\\/favnew2026.ukoo.hosting\\\/\"},{\"@type\":\"ListItem\",\"position\":2,\"name\":\"Le festival\",\"item\":\"https:\\\/\\\/favnew2026.ukoo.hosting\\\/le-festival\\\/\"},{\"@type\":\"ListItem\",\"position\":3,\"name\":\"Le festival en images\"}]},{\"@type\":\"WebSite\",\"@id\":\"https:\\\/\\\/favnew2026.ukoo.hosting\\\/#website\",\"url\":\"https:\\\/\\\/favnew2026.ukoo.hosting\\\/\",\"name\":\"Foire au vins\",\"description\":\"\",\"potentialAction\":[{\"@type\":\"SearchAction\",\"target\":{\"@type\":\"EntryPoint\",\"urlTemplate\":\"https:\\\/\\\/favnew2026.ukoo.hosting\\\/?s={search_term_string}\"},\"query-input\":{\"@type\":\"PropertyValueSpecification\",\"valueRequired\":true,\"valueName\":\"search_term_string\"}}],\"inLanguage\":\"en-GB\"}]}<\/script>\n<!-- \/ Yoast SEO plugin. -->","yoast_head_json":{"title":"Galerie de photos du Festival de la Foire aux Vins d'Alsace","description":"Retrouvez l'ambiance du Festival de la Foire aux Vins gr\u00e2ce \u00e0 nos galeries photos. Tous les concerts du Festival immortalis\u00e9s par des photos de qualit\u00e9.","robots":{"index":"noindex","follow":"follow","max-snippet":"max-snippet:-1","max-image-preview":"max-image-preview:large","max-video-preview":"max-video-preview:-1"},"og_locale":"en_GB","og_type":"article","og_title":"Galerie de photos du Festival de la Foire aux Vins d'Alsace","og_description":"Retrouvez l'ambiance du Festival de la Foire aux Vins gr\u00e2ce \u00e0 nos galeries photos. Tous les concerts du Festival immortalis\u00e9s par des photos de qualit\u00e9.","og_url":"https:\/\/favnew2026.ukoo.hosting\/en\/le-festival\/le-festival-en-images\/","og_site_name":"Foire au vins","article_modified_time":"2026-04-07T09:08:36+00:00","twitter_card":"summary_large_image","twitter_misc":{"Estimated reading time":"4 minutes"},"schema":{"@context":"https:\/\/schema.org","@graph":[{"@type":"WebPage","@id":"https:\/\/favnew2026.ukoo.hosting\/le-festival\/le-festival-en-images\/","url":"https:\/\/favnew2026.ukoo.hosting\/le-festival\/le-festival-en-images\/","name":"Galerie de photos du Festival de la Foire aux Vins d'Alsace","isPartOf":{"@id":"https:\/\/favnew2026.ukoo.hosting\/#website"},"datePublished":"2026-01-23T11:25:54+00:00","dateModified":"2026-04-07T09:08:36+00:00","description":"Retrouvez l'ambiance du Festival de la Foire aux Vins gr\u00e2ce \u00e0 nos galeries photos. Tous les concerts du Festival immortalis\u00e9s par des photos de qualit\u00e9.","breadcrumb":{"@id":"https:\/\/favnew2026.ukoo.hosting\/le-festival\/le-festival-en-images\/#breadcrumb"},"inLanguage":"en-GB","potentialAction":[{"@type":"ReadAction","target":["https:\/\/favnew2026.ukoo.hosting\/le-festival\/le-festival-en-images\/"]}]},{"@type":"BreadcrumbList","@id":"https:\/\/favnew2026.ukoo.hosting\/le-festival\/le-festival-en-images\/#breadcrumb","itemListElement":[{"@type":"ListItem","position":1,"name":"Accueil","item":"https:\/\/favnew2026.ukoo.hosting\/"},{"@type":"ListItem","position":2,"name":"Le festival","item":"https:\/\/favnew2026.ukoo.hosting\/le-festival\/"},{"@type":"ListItem","position":3,"name":"Le festival en images"}]},{"@type":"WebSite","@id":"https:\/\/favnew2026.ukoo.hosting\/#website","url":"https:\/\/favnew2026.ukoo.hosting\/","name":"Foire au vins","description":"","potentialAction":[{"@type":"SearchAction","target":{"@type":"EntryPoint","urlTemplate":"https:\/\/favnew2026.ukoo.hosting\/?s={search_term_string}"},"query-input":{"@type":"PropertyValueSpecification","valueRequired":true,"valueName":"search_term_string"}}],"inLanguage":"en-GB"}]}},"_links":{"self":[{"href":"https:\/\/favnew2026.ukoo.hosting\/en\/wp-json\/wp\/v2\/pages\/2945","targetHints":{"allow":["GET"]}}],"collection":[{"href":"https:\/\/favnew2026.ukoo.hosting\/en\/wp-json\/wp\/v2\/pages"}],"about":[{"href":"https:\/\/favnew2026.ukoo.hosting\/en\/wp-json\/wp\/v2\/types\/page"}],"author":[{"embeddable":true,"href":"https:\/\/favnew2026.ukoo.hosting\/en\/wp-json\/wp\/v2\/users\/1"}],"replies":[{"embeddable":true,"href":"https:\/\/favnew2026.ukoo.hosting\/en\/wp-json\/wp\/v2\/comments?post=2945"}],"version-history":[{"count":35,"href":"https:\/\/favnew2026.ukoo.hosting\/en\/wp-json\/wp\/v2\/pages\/2945\/revisions"}],"predecessor-version":[{"id":9454,"href":"https:\/\/favnew2026.ukoo.hosting\/en\/wp-json\/wp\/v2\/pages\/2945\/revisions\/9454"}],"up":[{"embeddable":true,"href":"https:\/\/favnew2026.ukoo.hosting\/en\/wp-json\/wp\/v2\/pages\/2913"}],"wp:attachment":[{"href":"https:\/\/favnew2026.ukoo.hosting\/en\/wp-json\/wp\/v2\/media?parent=2945"}],"curies":[{"name":"wp","href":"https:\/\/api.w.org\/{rel}","templated":true}]}}