{"id":2953,"date":"2026-01-23T13:48:27","date_gmt":"2026-01-23T12:48:27","guid":{"rendered":"https:\/\/favnew2026.ukoo.hosting\/?page_id=2953"},"modified":"2026-04-07T15:08:22","modified_gmt":"2026-04-07T13:08:22","slug":"restauration","status":"publish","type":"page","link":"https:\/\/favnew2026.ukoo.hosting\/en\/pratique\/restauration\/","title":{"rendered":"Catering"},"content":{"rendered":"","protected":false},"excerpt":{"rendered":"","protected":false},"author":1,"featured_media":0,"parent":2971,"menu_order":0,"comment_status":"closed","ping_status":"closed","template":"","meta":{"footnotes":""},"class_list":["post-2953","page","type-page","status-publish","hentry"],"yoast_head":"<!-- This site is optimized with the Yoast SEO plugin v27.3 - https:\/\/yoast.com\/product\/yoast-seo-wordpress\/ -->\n<title>Restauration \u00e0 la Foire aux Vins - Restaurants, stands &amp; sp\u00e9cialit\u00e9s<\/title>\n<meta name=\"description\" content=\"D\u00e9couvrez tous les points de restauration de la Foire : stands gourmands, sp\u00e9cialit\u00e9s r\u00e9gionales et offres vari\u00e9es pour tous les go\u00fbts.\" \/>\n<meta name=\"robots\" content=\"noindex, follow, max-snippet:-1, max-image-preview:large, max-video-preview:-1\" \/>\n<meta property=\"og:locale\" content=\"en_GB\" \/>\n<meta property=\"og:type\" content=\"article\" \/>\n<meta property=\"og:title\" content=\"Restauration \u00e0 la Foire aux Vins - Restaurants, stands &amp; sp\u00e9cialit\u00e9s\" \/>\n<meta property=\"og:description\" content=\"D\u00e9couvrez tous les points de restauration de la Foire : stands gourmands, sp\u00e9cialit\u00e9s r\u00e9gionales et offres vari\u00e9es pour tous les go\u00fbts.\" \/>\n<meta property=\"og:url\" content=\"https:\/\/favnew2026.ukoo.hosting\/en\/pratique\/restauration\/\" \/>\n<meta property=\"og:site_name\" content=\"Foire au vins\" \/>\n<meta property=\"article:modified_time\" content=\"2026-04-07T13:08:22+00:00\" \/>\n<meta name=\"twitter:card\" content=\"summary_large_image\" \/>\n<meta name=\"twitter:label1\" content=\"Estimated reading time\" \/>\n\t<meta name=\"twitter:data1\" content=\"13 minutes\" \/>\n<script type=\"application\/ld+json\" class=\"yoast-schema-graph\">{\"@context\":\"https:\\\/\\\/schema.org\",\"@graph\":[{\"@type\":\"WebPage\",\"@id\":\"https:\\\/\\\/favnew2026.ukoo.hosting\\\/pratique\\\/restauration\\\/\",\"url\":\"https:\\\/\\\/favnew2026.ukoo.hosting\\\/pratique\\\/restauration\\\/\",\"name\":\"Restauration \u00e0 la Foire aux Vins - Restaurants, stands & sp\u00e9cialit\u00e9s\",\"isPartOf\":{\"@id\":\"https:\\\/\\\/favnew2026.ukoo.hosting\\\/#website\"},\"datePublished\":\"2026-01-23T12:48:27+00:00\",\"dateModified\":\"2026-04-07T13:08:22+00:00\",\"description\":\"D\u00e9couvrez tous les points de restauration de la Foire : stands gourmands, sp\u00e9cialit\u00e9s r\u00e9gionales et offres vari\u00e9es pour tous les go\u00fbts.\",\"breadcrumb\":{\"@id\":\"https:\\\/\\\/favnew2026.ukoo.hosting\\\/pratique\\\/restauration\\\/#breadcrumb\"},\"inLanguage\":\"en-GB\",\"potentialAction\":[{\"@type\":\"ReadAction\",\"target\":[\"https:\\\/\\\/favnew2026.ukoo.hosting\\\/pratique\\\/restauration\\\/\"]}]},{\"@type\":\"BreadcrumbList\",\"@id\":\"https:\\\/\\\/favnew2026.ukoo.hosting\\\/pratique\\\/restauration\\\/#breadcrumb\",\"itemListElement\":[{\"@type\":\"ListItem\",\"position\":1,\"name\":\"Accueil\",\"item\":\"https:\\\/\\\/favnew2026.ukoo.hosting\\\/\"},{\"@type\":\"ListItem\",\"position\":2,\"name\":\"Pratique\",\"item\":\"https:\\\/\\\/favnew2026.ukoo.hosting\\\/pratique\\\/\"},{\"@type\":\"ListItem\",\"position\":3,\"name\":\"Restauration\"}]},{\"@type\":\"WebSite\",\"@id\":\"https:\\\/\\\/favnew2026.ukoo.hosting\\\/#website\",\"url\":\"https:\\\/\\\/favnew2026.ukoo.hosting\\\/\",\"name\":\"Foire au vins\",\"description\":\"\",\"potentialAction\":[{\"@type\":\"SearchAction\",\"target\":{\"@type\":\"EntryPoint\",\"urlTemplate\":\"https:\\\/\\\/favnew2026.ukoo.hosting\\\/?s={search_term_string}\"},\"query-input\":{\"@type\":\"PropertyValueSpecification\",\"valueRequired\":true,\"valueName\":\"search_term_string\"}}],\"inLanguage\":\"en-GB\"}]}<\/script>\n<!-- \/ Yoast SEO plugin. -->","yoast_head_json":{"title":"Restauration \u00e0 la Foire aux Vins - Restaurants, stands & sp\u00e9cialit\u00e9s","description":"D\u00e9couvrez tous les points de restauration de la Foire : stands gourmands, sp\u00e9cialit\u00e9s r\u00e9gionales et offres vari\u00e9es pour tous les go\u00fbts.","robots":{"index":"noindex","follow":"follow","max-snippet":"max-snippet:-1","max-image-preview":"max-image-preview:large","max-video-preview":"max-video-preview:-1"},"og_locale":"en_GB","og_type":"article","og_title":"Restauration \u00e0 la Foire aux Vins - Restaurants, stands & sp\u00e9cialit\u00e9s","og_description":"D\u00e9couvrez tous les points de restauration de la Foire : stands gourmands, sp\u00e9cialit\u00e9s r\u00e9gionales et offres vari\u00e9es pour tous les go\u00fbts.","og_url":"https:\/\/favnew2026.ukoo.hosting\/en\/pratique\/restauration\/","og_site_name":"Foire au vins","article_modified_time":"2026-04-07T13:08:22+00:00","twitter_card":"summary_large_image","twitter_misc":{"Estimated reading time":"13 minutes"},"schema":{"@context":"https:\/\/schema.org","@graph":[{"@type":"WebPage","@id":"https:\/\/favnew2026.ukoo.hosting\/pratique\/restauration\/","url":"https:\/\/favnew2026.ukoo.hosting\/pratique\/restauration\/","name":"Restauration \u00e0 la Foire aux Vins - Restaurants, stands & sp\u00e9cialit\u00e9s","isPartOf":{"@id":"https:\/\/favnew2026.ukoo.hosting\/#website"},"datePublished":"2026-01-23T12:48:27+00:00","dateModified":"2026-04-07T13:08:22+00:00","description":"D\u00e9couvrez tous les points de restauration de la Foire : stands gourmands, sp\u00e9cialit\u00e9s r\u00e9gionales et offres vari\u00e9es pour tous les go\u00fbts.","breadcrumb":{"@id":"https:\/\/favnew2026.ukoo.hosting\/pratique\/restauration\/#breadcrumb"},"inLanguage":"en-GB","potentialAction":[{"@type":"ReadAction","target":["https:\/\/favnew2026.ukoo.hosting\/pratique\/restauration\/"]}]},{"@type":"BreadcrumbList","@id":"https:\/\/favnew2026.ukoo.hosting\/pratique\/restauration\/#breadcrumb","itemListElement":[{"@type":"ListItem","position":1,"name":"Accueil","item":"https:\/\/favnew2026.ukoo.hosting\/"},{"@type":"ListItem","position":2,"name":"Pratique","item":"https:\/\/favnew2026.ukoo.hosting\/pratique\/"},{"@type":"ListItem","position":3,"name":"Restauration"}]},{"@type":"WebSite","@id":"https:\/\/favnew2026.ukoo.hosting\/#website","url":"https:\/\/favnew2026.ukoo.hosting\/","name":"Foire au vins","description":"","potentialAction":[{"@type":"SearchAction","target":{"@type":"EntryPoint","urlTemplate":"https:\/\/favnew2026.ukoo.hosting\/?s={search_term_string}"},"query-input":{"@type":"PropertyValueSpecification","valueRequired":true,"valueName":"search_term_string"}}],"inLanguage":"en-GB"}]}},"_links":{"self":[{"href":"https:\/\/favnew2026.ukoo.hosting\/en\/wp-json\/wp\/v2\/pages\/2953","targetHints":{"allow":["GET"]}}],"collection":[{"href":"https:\/\/favnew2026.ukoo.hosting\/en\/wp-json\/wp\/v2\/pages"}],"about":[{"href":"https:\/\/favnew2026.ukoo.hosting\/en\/wp-json\/wp\/v2\/types\/page"}],"author":[{"embeddable":true,"href":"https:\/\/favnew2026.ukoo.hosting\/en\/wp-json\/wp\/v2\/users\/1"}],"replies":[{"embeddable":true,"href":"https:\/\/favnew2026.ukoo.hosting\/en\/wp-json\/wp\/v2\/comments?post=2953"}],"version-history":[{"count":100,"href":"https:\/\/favnew2026.ukoo.hosting\/en\/wp-json\/wp\/v2\/pages\/2953\/revisions"}],"predecessor-version":[{"id":10672,"href":"https:\/\/favnew2026.ukoo.hosting\/en\/wp-json\/wp\/v2\/pages\/2953\/revisions\/10672"}],"up":[{"embeddable":true,"href":"https:\/\/favnew2026.ukoo.hosting\/en\/wp-json\/wp\/v2\/pages\/2971"}],"wp:attachment":[{"href":"https:\/\/favnew2026.ukoo.hosting\/en\/wp-json\/wp\/v2\/media?parent=2953"}],"curies":[{"name":"wp","href":"https:\/\/api.w.org\/{rel}","templated":true}]}}