{"id":3036,"date":"2026-01-23T15:51:39","date_gmt":"2026-01-23T14:51:39","guid":{"rendered":"https:\/\/favnew2026.ukoo.hosting\/?page_id=3036"},"modified":"2026-04-07T14:09:05","modified_gmt":"2026-04-07T12:09:05","slug":"faq","status":"publish","type":"page","link":"https:\/\/favnew2026.ukoo.hosting\/en\/pratique\/faq\/","title":{"rendered":"FAQ"},"content":{"rendered":"","protected":false},"excerpt":{"rendered":"","protected":false},"author":1,"featured_media":0,"parent":2971,"menu_order":0,"comment_status":"closed","ping_status":"closed","template":"","meta":{"footnotes":""},"class_list":["post-3036","page","type-page","status-publish","hentry"],"yoast_head":"<!-- This site is optimized with the Yoast SEO plugin v27.3 - https:\/\/yoast.com\/product\/yoast-seo-wordpress\/ -->\n<title>FAQ \u2013 Foire aux Vins d\u2019Alsace \u00e0 Colmar | Questions &amp; r\u00e9ponses<\/title>\n<meta name=\"description\" content=\"Consultez la FAQ de la Foire aux Vins : retrouvez toutes les r\u00e9ponses sur l\u2019acc\u00e8s, les horaires, la billetterie, la restauration et les services.\" \/>\n<meta name=\"robots\" content=\"noindex, follow, max-snippet:-1, max-image-preview:large, max-video-preview:-1\" \/>\n<meta property=\"og:locale\" content=\"en_GB\" \/>\n<meta property=\"og:type\" content=\"article\" \/>\n<meta property=\"og:title\" content=\"FAQ \u2013 Foire aux Vins d\u2019Alsace \u00e0 Colmar | Questions &amp; r\u00e9ponses\" \/>\n<meta property=\"og:description\" content=\"Consultez la FAQ de la Foire aux Vins : retrouvez toutes les r\u00e9ponses sur l\u2019acc\u00e8s, les horaires, la billetterie, la restauration et les services.\" \/>\n<meta property=\"og:url\" content=\"https:\/\/favnew2026.ukoo.hosting\/en\/pratique\/faq\/\" \/>\n<meta property=\"og:site_name\" content=\"Foire au vins\" \/>\n<meta property=\"article:modified_time\" content=\"2026-04-07T12:09:05+00:00\" \/>\n<meta name=\"twitter:card\" content=\"summary_large_image\" \/>\n<meta name=\"twitter:label1\" content=\"Estimated reading time\" \/>\n\t<meta name=\"twitter:data1\" content=\"5 minutes\" \/>\n<script type=\"application\/ld+json\" class=\"yoast-schema-graph\">{\"@context\":\"https:\\\/\\\/schema.org\",\"@graph\":[{\"@type\":\"WebPage\",\"@id\":\"https:\\\/\\\/favnew2026.ukoo.hosting\\\/pratique\\\/faq\\\/\",\"url\":\"https:\\\/\\\/favnew2026.ukoo.hosting\\\/pratique\\\/faq\\\/\",\"name\":\"FAQ \u2013 Foire aux Vins d\u2019Alsace \u00e0 Colmar | Questions & r\u00e9ponses\",\"isPartOf\":{\"@id\":\"https:\\\/\\\/favnew2026.ukoo.hosting\\\/#website\"},\"datePublished\":\"2026-01-23T14:51:39+00:00\",\"dateModified\":\"2026-04-07T12:09:05+00:00\",\"description\":\"Consultez la FAQ de la Foire aux Vins : retrouvez toutes les r\u00e9ponses sur l\u2019acc\u00e8s, les horaires, la billetterie, la restauration et les services.\",\"breadcrumb\":{\"@id\":\"https:\\\/\\\/favnew2026.ukoo.hosting\\\/pratique\\\/faq\\\/#breadcrumb\"},\"inLanguage\":\"en-GB\",\"potentialAction\":[{\"@type\":\"ReadAction\",\"target\":[\"https:\\\/\\\/favnew2026.ukoo.hosting\\\/pratique\\\/faq\\\/\"]}]},{\"@type\":\"BreadcrumbList\",\"@id\":\"https:\\\/\\\/favnew2026.ukoo.hosting\\\/pratique\\\/faq\\\/#breadcrumb\",\"itemListElement\":[{\"@type\":\"ListItem\",\"position\":1,\"name\":\"Accueil\",\"item\":\"https:\\\/\\\/favnew2026.ukoo.hosting\\\/\"},{\"@type\":\"ListItem\",\"position\":2,\"name\":\"Pratique\",\"item\":\"https:\\\/\\\/favnew2026.ukoo.hosting\\\/pratique\\\/\"},{\"@type\":\"ListItem\",\"position\":3,\"name\":\"FAQ\"}]},{\"@type\":\"WebSite\",\"@id\":\"https:\\\/\\\/favnew2026.ukoo.hosting\\\/#website\",\"url\":\"https:\\\/\\\/favnew2026.ukoo.hosting\\\/\",\"name\":\"Foire au vins\",\"description\":\"\",\"potentialAction\":[{\"@type\":\"SearchAction\",\"target\":{\"@type\":\"EntryPoint\",\"urlTemplate\":\"https:\\\/\\\/favnew2026.ukoo.hosting\\\/?s={search_term_string}\"},\"query-input\":{\"@type\":\"PropertyValueSpecification\",\"valueRequired\":true,\"valueName\":\"search_term_string\"}}],\"inLanguage\":\"en-GB\"}]}<\/script>\n<!-- \/ Yoast SEO plugin. -->","yoast_head_json":{"title":"FAQ \u2013 Foire aux Vins d\u2019Alsace \u00e0 Colmar | Questions & r\u00e9ponses","description":"Consultez la FAQ de la Foire aux Vins : retrouvez toutes les r\u00e9ponses sur l\u2019acc\u00e8s, les horaires, la billetterie, la restauration et les services.","robots":{"index":"noindex","follow":"follow","max-snippet":"max-snippet:-1","max-image-preview":"max-image-preview:large","max-video-preview":"max-video-preview:-1"},"og_locale":"en_GB","og_type":"article","og_title":"FAQ \u2013 Foire aux Vins d\u2019Alsace \u00e0 Colmar | Questions & r\u00e9ponses","og_description":"Consultez la FAQ de la Foire aux Vins : retrouvez toutes les r\u00e9ponses sur l\u2019acc\u00e8s, les horaires, la billetterie, la restauration et les services.","og_url":"https:\/\/favnew2026.ukoo.hosting\/en\/pratique\/faq\/","og_site_name":"Foire au vins","article_modified_time":"2026-04-07T12:09:05+00:00","twitter_card":"summary_large_image","twitter_misc":{"Estimated reading time":"5 minutes"},"schema":{"@context":"https:\/\/schema.org","@graph":[{"@type":"WebPage","@id":"https:\/\/favnew2026.ukoo.hosting\/pratique\/faq\/","url":"https:\/\/favnew2026.ukoo.hosting\/pratique\/faq\/","name":"FAQ \u2013 Foire aux Vins d\u2019Alsace \u00e0 Colmar | Questions & r\u00e9ponses","isPartOf":{"@id":"https:\/\/favnew2026.ukoo.hosting\/#website"},"datePublished":"2026-01-23T14:51:39+00:00","dateModified":"2026-04-07T12:09:05+00:00","description":"Consultez la FAQ de la Foire aux Vins : retrouvez toutes les r\u00e9ponses sur l\u2019acc\u00e8s, les horaires, la billetterie, la restauration et les services.","breadcrumb":{"@id":"https:\/\/favnew2026.ukoo.hosting\/pratique\/faq\/#breadcrumb"},"inLanguage":"en-GB","potentialAction":[{"@type":"ReadAction","target":["https:\/\/favnew2026.ukoo.hosting\/pratique\/faq\/"]}]},{"@type":"BreadcrumbList","@id":"https:\/\/favnew2026.ukoo.hosting\/pratique\/faq\/#breadcrumb","itemListElement":[{"@type":"ListItem","position":1,"name":"Accueil","item":"https:\/\/favnew2026.ukoo.hosting\/"},{"@type":"ListItem","position":2,"name":"Pratique","item":"https:\/\/favnew2026.ukoo.hosting\/pratique\/"},{"@type":"ListItem","position":3,"name":"FAQ"}]},{"@type":"WebSite","@id":"https:\/\/favnew2026.ukoo.hosting\/#website","url":"https:\/\/favnew2026.ukoo.hosting\/","name":"Foire au vins","description":"","potentialAction":[{"@type":"SearchAction","target":{"@type":"EntryPoint","urlTemplate":"https:\/\/favnew2026.ukoo.hosting\/?s={search_term_string}"},"query-input":{"@type":"PropertyValueSpecification","valueRequired":true,"valueName":"search_term_string"}}],"inLanguage":"en-GB"}]}},"_links":{"self":[{"href":"https:\/\/favnew2026.ukoo.hosting\/en\/wp-json\/wp\/v2\/pages\/3036","targetHints":{"allow":["GET"]}}],"collection":[{"href":"https:\/\/favnew2026.ukoo.hosting\/en\/wp-json\/wp\/v2\/pages"}],"about":[{"href":"https:\/\/favnew2026.ukoo.hosting\/en\/wp-json\/wp\/v2\/types\/page"}],"author":[{"embeddable":true,"href":"https:\/\/favnew2026.ukoo.hosting\/en\/wp-json\/wp\/v2\/users\/1"}],"replies":[{"embeddable":true,"href":"https:\/\/favnew2026.ukoo.hosting\/en\/wp-json\/wp\/v2\/comments?post=3036"}],"version-history":[{"count":40,"href":"https:\/\/favnew2026.ukoo.hosting\/en\/wp-json\/wp\/v2\/pages\/3036\/revisions"}],"predecessor-version":[{"id":10584,"href":"https:\/\/favnew2026.ukoo.hosting\/en\/wp-json\/wp\/v2\/pages\/3036\/revisions\/10584"}],"up":[{"embeddable":true,"href":"https:\/\/favnew2026.ukoo.hosting\/en\/wp-json\/wp\/v2\/pages\/2971"}],"wp:attachment":[{"href":"https:\/\/favnew2026.ukoo.hosting\/en\/wp-json\/wp\/v2\/media?parent=3036"}],"curies":[{"name":"wp","href":"https:\/\/api.w.org\/{rel}","templated":true}]}}