{"id":3096,"date":"2026-01-29T09:23:47","date_gmt":"2026-01-29T08:23:47","guid":{"rendered":"https:\/\/favnew2026.ukoo.hosting\/?page_id=3096"},"modified":"2026-04-07T15:20:30","modified_gmt":"2026-04-07T13:20:30","slug":"presse","status":"publish","type":"page","link":"https:\/\/favnew2026.ukoo.hosting\/en\/presse\/","title":{"rendered":"Espace r\u00e9serv\u00e9 \u00e0 la Presse"},"content":{"rendered":"","protected":true},"excerpt":{"rendered":"","protected":true},"author":1,"featured_media":0,"parent":0,"menu_order":0,"comment_status":"closed","ping_status":"closed","template":"","meta":{"footnotes":""},"class_list":["post-3096","page","type-page","status-publish","post-password-required","hentry"],"yoast_head":"<!-- This site is optimized with the Yoast SEO plugin v27.3 - https:\/\/yoast.com\/product\/yoast-seo-wordpress\/ -->\n<title>Espace r\u00e9serv\u00e9 \u00e0 la Presse - Foire aux Vins d&#039;Alsace<\/title>\n<meta name=\"description\" content=\"Repr\u00e9sentant de la presse, connectez vous \u00e0 votre espace r\u00e9serv\u00e9 sur le site de la Foire aux Vins d&#039;Alsace.\" \/>\n<meta name=\"robots\" content=\"noindex, follow, max-snippet:-1, max-image-preview:large, max-video-preview:-1\" \/>\n<meta property=\"og:locale\" content=\"en_GB\" \/>\n<meta property=\"og:type\" content=\"article\" \/>\n<meta property=\"og:title\" content=\"Espace r\u00e9serv\u00e9 \u00e0 la Presse - Foire aux Vins d&#039;Alsace\" \/>\n<meta property=\"og:description\" content=\"Repr\u00e9sentant de la presse, connectez vous \u00e0 votre espace r\u00e9serv\u00e9 sur le site de la Foire aux Vins d&#039;Alsace.\" \/>\n<meta property=\"og:url\" content=\"https:\/\/favnew2026.ukoo.hosting\/en\/presse\/\" \/>\n<meta property=\"og:site_name\" content=\"Foire au vins\" \/>\n<meta property=\"article:modified_time\" content=\"2026-04-07T13:20:30+00:00\" \/>\n<meta name=\"twitter:card\" content=\"summary_large_image\" \/>\n<meta name=\"twitter:label1\" content=\"Estimated reading time\" \/>\n\t<meta name=\"twitter:data1\" content=\"1 minute\" \/>\n<script type=\"application\/ld+json\" class=\"yoast-schema-graph\">{\"@context\":\"https:\\\/\\\/schema.org\",\"@graph\":[{\"@type\":\"WebPage\",\"@id\":\"https:\\\/\\\/favnew2026.ukoo.hosting\\\/presse\\\/\",\"url\":\"https:\\\/\\\/favnew2026.ukoo.hosting\\\/presse\\\/\",\"name\":\"Espace r\u00e9serv\u00e9 \u00e0 la Presse - Foire aux Vins d'Alsace\",\"isPartOf\":{\"@id\":\"https:\\\/\\\/favnew2026.ukoo.hosting\\\/#website\"},\"datePublished\":\"2026-01-29T08:23:47+00:00\",\"dateModified\":\"2026-04-07T13:20:30+00:00\",\"breadcrumb\":{\"@id\":\"https:\\\/\\\/favnew2026.ukoo.hosting\\\/presse\\\/#breadcrumb\"},\"inLanguage\":\"en-GB\"},{\"@type\":\"WebSite\",\"@id\":\"https:\\\/\\\/favnew2026.ukoo.hosting\\\/#website\",\"url\":\"https:\\\/\\\/favnew2026.ukoo.hosting\\\/\",\"name\":\"Foire au vins\",\"description\":\"\",\"potentialAction\":[{\"@type\":\"SearchAction\",\"target\":{\"@type\":\"EntryPoint\",\"urlTemplate\":\"https:\\\/\\\/favnew2026.ukoo.hosting\\\/?s={search_term_string}\"},\"query-input\":{\"@type\":\"PropertyValueSpecification\",\"valueRequired\":true,\"valueName\":\"search_term_string\"}}],\"inLanguage\":\"en-GB\"}]}<\/script>\n<!-- \/ Yoast SEO plugin. -->","yoast_head_json":{"title":"Espace r\u00e9serv\u00e9 \u00e0 la Presse - Foire aux Vins d'Alsace","description":"Repr\u00e9sentant de la presse, connectez vous \u00e0 votre espace r\u00e9serv\u00e9 sur le site de la Foire aux Vins d'Alsace.","robots":{"index":"noindex","follow":"follow","max-snippet":"max-snippet:-1","max-image-preview":"max-image-preview:large","max-video-preview":"max-video-preview:-1"},"og_locale":"en_GB","og_type":"article","og_title":"Espace r\u00e9serv\u00e9 \u00e0 la Presse - Foire aux Vins d'Alsace","og_description":"Repr\u00e9sentant de la presse, connectez vous \u00e0 votre espace r\u00e9serv\u00e9 sur le site de la Foire aux Vins d'Alsace.","og_url":"https:\/\/favnew2026.ukoo.hosting\/en\/presse\/","og_site_name":"Foire au vins","article_modified_time":"2026-04-07T13:20:30+00:00","twitter_card":"summary_large_image","twitter_misc":{"Estimated reading time":"1 minute"},"schema":{"@context":"https:\/\/schema.org","@graph":[{"@type":"WebPage","@id":"https:\/\/favnew2026.ukoo.hosting\/presse\/","url":"https:\/\/favnew2026.ukoo.hosting\/presse\/","name":"Espace r\u00e9serv\u00e9 \u00e0 la Presse - Foire aux Vins d'Alsace","isPartOf":{"@id":"https:\/\/favnew2026.ukoo.hosting\/#website"},"datePublished":"2026-01-29T08:23:47+00:00","dateModified":"2026-04-07T13:20:30+00:00","breadcrumb":{"@id":"https:\/\/favnew2026.ukoo.hosting\/presse\/#breadcrumb"},"inLanguage":"en-GB"},{"@type":"WebSite","@id":"https:\/\/favnew2026.ukoo.hosting\/#website","url":"https:\/\/favnew2026.ukoo.hosting\/","name":"Foire au vins","description":"","potentialAction":[{"@type":"SearchAction","target":{"@type":"EntryPoint","urlTemplate":"https:\/\/favnew2026.ukoo.hosting\/?s={search_term_string}"},"query-input":{"@type":"PropertyValueSpecification","valueRequired":true,"valueName":"search_term_string"}}],"inLanguage":"en-GB"}]}},"_links":{"self":[{"href":"https:\/\/favnew2026.ukoo.hosting\/en\/wp-json\/wp\/v2\/pages\/3096","targetHints":{"allow":["GET"]}}],"collection":[{"href":"https:\/\/favnew2026.ukoo.hosting\/en\/wp-json\/wp\/v2\/pages"}],"about":[{"href":"https:\/\/favnew2026.ukoo.hosting\/en\/wp-json\/wp\/v2\/types\/page"}],"author":[{"embeddable":true,"href":"https:\/\/favnew2026.ukoo.hosting\/en\/wp-json\/wp\/v2\/users\/1"}],"replies":[{"embeddable":true,"href":"https:\/\/favnew2026.ukoo.hosting\/en\/wp-json\/wp\/v2\/comments?post=3096"}],"version-history":[{"count":88,"href":"https:\/\/favnew2026.ukoo.hosting\/en\/wp-json\/wp\/v2\/pages\/3096\/revisions"}],"predecessor-version":[{"id":10681,"href":"https:\/\/favnew2026.ukoo.hosting\/en\/wp-json\/wp\/v2\/pages\/3096\/revisions\/10681"}],"wp:attachment":[{"href":"https:\/\/favnew2026.ukoo.hosting\/en\/wp-json\/wp\/v2\/media?parent=3096"}],"curies":[{"name":"wp","href":"https:\/\/api.w.org\/{rel}","templated":true}]}}